{"id":722,"date":"2023-10-25T04:54:46","date_gmt":"2023-10-25T04:54:46","guid":{"rendered":"https:\/\/www.ministryofcrab.com\/colombo\/?page_id=722"},"modified":"2024-08-20T06:49:01","modified_gmt":"2024-08-20T06:49:01","slug":"hansard","status":"publish","type":"page","link":"https:\/\/www.ministryofcrab.com\/colombo\/hansard\/","title":{"rendered":"Hansard"},"content":{"rendered":"<h1 id=\"maincontent\" class=\"headline__text inline-placeholder\" data-editable=\"headlineText\">Is this the world\u2019s best crab restaurant?<\/h1>\n<p><img loading=\"lazy\" decoding=\"async\" class=\"alignnone size-full wp-image-2022\" src=\"https:\/\/www.ministryofcrab.com\/colombo\/wp-content\/uploads\/sites\/2\/2024\/01\/Pepper-Crab-article.jpg\" alt=\"\" width=\"1160\" height=\"653\" \/><\/p>\n<div class=\"source inline-placeholder\" data-uri=\"cms.cnn.com\/_components\/source\/instances\/source-h_8b8029d8f970a4df46377a4e67cf8f9c@published\" data-article-gutter=\"true\"><cite class=\"source__cite\"><span class=\"source__location\" data-editable=\"location\">Colombo (<\/span><span class=\"source__text\" data-editable=\"source\">CNN)<\/span>\u00a0\u2014\u00a0<\/cite><\/div>\n<p class=\"paragraph inline-placeholder\" data-uri=\"cms.cnn.com\/_components\/paragraph\/instances\/paragraph_CF4B6E7D-DDEB-236F-B005-F22D5BB1110D@published\" data-editable=\"text\" data-component-name=\"paragraph\" data-article-gutter=\"true\" data-analytics-observe=\"off\">Crabs caught in Sri Lankan waters are so prized in\u00a0<a href=\"https:\/\/edition.cnn.com\/travel\/destinations\/singapore\" target=\"_blank\" rel=\"noopener\">Singapore<\/a>\u2019s fine dining establishments that a single one can sell for hundreds of dollars. But there was one place where these crabs weren\u2019t the hottest dish on the menu \u2013\u00a0<a href=\"https:\/\/edition.cnn.com\/travel\/article\/sri-lanka-travel-covid-intl-hnk-cmb\/index.html\" target=\"_blank\" rel=\"noopener\">Sri Lanka<\/a>.<\/p>\n<p class=\"paragraph inline-placeholder\" data-uri=\"cms.cnn.com\/_components\/paragraph\/instances\/paragraph_518EB61E-22C2-0BC7-BC0D-F231D91D86BE@published\" data-editable=\"text\" data-component-name=\"paragraph\" data-article-gutter=\"true\" data-analytics-observe=\"off\">That\u2019s when chef Dharshan Munidasa, who grew up in Colombo, began thinking about how he could return one of Sri Lanka\u2019s most iconic exports back to the people who made it famous.<\/p>\n<p class=\"paragraph inline-placeholder\" data-uri=\"cms.cnn.com\/_components\/paragraph\/instances\/paragraph_0B334549-B373-2C93-8DC5-F776647FA226@published\" data-editable=\"text\" data-component-name=\"paragraph\" data-article-gutter=\"true\" data-analytics-observe=\"off\">Munidasa doesn\u2019t necessarily have the same resume as your typical celebrity chef.<\/p>\n<p class=\"paragraph inline-placeholder\" data-uri=\"cms.cnn.com\/_components\/paragraph\/instances\/paragraph_D0CFDC47-C4AA-C6F0-B824-20F44E511B59@published\" data-editable=\"text\" data-component-name=\"paragraph\" data-article-gutter=\"true\" data-analytics-observe=\"off\">He didn\u2019t grow up being interested in food, he didn\u2019t go to culinary school, and he wasn\u2019t raised in an accepted foodie capital. But that\u2019s exactly what made him the right person to single-handedly change the way the wider world viewed Sri Lankan cooking.<\/p>\n<h2 id=\"the-accidental-chef\" class=\"subheader\" data-editable=\"text\" data-uri=\"cms.cnn.com\/_components\/subheader\/instances\/paragraph_E487FD6C-3FBF-3572-01B9-1ACA2DD048FA@published\" data-component-name=\"subheader\" data-article-gutter=\"true\">The accidental chef<\/h2>\n<p class=\"paragraph inline-placeholder\" data-uri=\"cms.cnn.com\/_components\/paragraph\/instances\/paragraph_323F5F00-1E47-6572-2356-1AC7941CBCED@published\" data-editable=\"text\" data-component-name=\"paragraph\" data-article-gutter=\"true\" data-analytics-observe=\"off\">Munidasa was born in Tokyo and raised in Colombo by a Japanese mother and Sri Lankan father. But it wasn\u2019t until he went to the United States in the 1990s to study at Johns Hopkins University that he first started cooking. He couldn\u2019t abide cafeteria food, so he figured it was time to learn to cook.<\/p>\n<p class=\"paragraph inline-placeholder\" data-uri=\"cms.cnn.com\/_components\/paragraph\/instances\/paragraph_3E46EC01-976D-CCC1-1ACF-1ACEB78FB1BD@published\" data-editable=\"text\" data-component-name=\"paragraph\" data-article-gutter=\"true\" data-analytics-observe=\"off\">\u201cIt was not like the kid from Sri Lanka went to the US and missed his home-cooked food. It was just regular food that was not good in dorms,\u201d he says. \u201cThere was no WhatsApp or Google or YouTube or anything like that. I had to physically call people, my aunts in Japan, my mom, my grandmother, to ask about something here and how they cook this.\u201d<\/p>\n<p data-uri=\"cms.cnn.com\/_components\/paragraph\/instances\/paragraph_3E46EC01-976D-CCC1-1ACF-1ACEB78FB1BD@published\" data-editable=\"text\" data-component-name=\"paragraph\" data-article-gutter=\"true\" data-analytics-observe=\"off\">\n<p class=\"paragraph inline-placeholder\" data-uri=\"cms.cnn.com\/_components\/paragraph\/instances\/paragraph_9B7F5FCD-4006-54DD-6076-1ACF8CC85084@published\" data-editable=\"text\" data-component-name=\"paragraph\" data-article-gutter=\"true\" data-analytics-observe=\"off\">Through trial and error, plus obsessive documentation of what worked and what didn\u2019t, Munidasa went from cooking for survival to cooking for pleasure. And when he returned to Sri Lanka after getting his degree in computer engineering, he started thinking about cooking for a living.<\/p>\n<p class=\"paragraph inline-placeholder\" data-uri=\"cms.cnn.com\/_components\/paragraph\/instances\/paragraph_8BE88224-A443-18D0-9FC0-1AD07442B463@published\" data-editable=\"text\" data-component-name=\"paragraph\" data-article-gutter=\"true\" data-analytics-observe=\"off\">First up was high-end Japanese restaurant Nihonbashi, which he opened in Colombo in 1995.<\/p>\n<p class=\"paragraph inline-placeholder\" data-uri=\"cms.cnn.com\/_components\/paragraph\/instances\/paragraph_E7E9E4DD-9288-F5F6-306A-20F6BCA0ED7D@published\" data-editable=\"text\" data-component-name=\"paragraph\" data-article-gutter=\"true\" data-analytics-observe=\"off\">Thanks to strong diplomatic ties between the two countries, there was a small but active Japanese expat community in Sri Lanka, and they began patronizing Nihonbashi. The locals soon followed. If food were the Grammys, Munidasa wasn\u2019t trying to win Best New Artist \u2013 he was aiming for a Lifetime Achievement Award.<\/p>\n<p class=\"paragraph inline-placeholder\" data-uri=\"cms.cnn.com\/_components\/paragraph\/instances\/paragraph_D0977574-9EC7-6B7D-CC52-1AD0A9921327@published\" data-editable=\"text\" data-component-name=\"paragraph\" data-article-gutter=\"true\" data-analytics-observe=\"off\">Ministry of Crab opened in 2011. Both restaurants landed the first-ever Sri Lankan slots on the annual Asia\u2019s Best Restaurants list \u2013 Nihonbashi in 2013 and MOC two years later \u2013 putting the small country on the international foodie radar in a way it hadn\u2019t been before.<\/p>\n<p class=\"paragraph inline-placeholder\" data-uri=\"cms.cnn.com\/_components\/paragraph\/instances\/paragraph_7D7946A4-56A4-5732-E352-212894668FAF@published\" data-editable=\"text\" data-component-name=\"paragraph\" data-article-gutter=\"true\" data-analytics-observe=\"off\">In 2021, MOC had one of its best showings ever, clocking in at\u00a0<a href=\"https:\/\/www.theworlds50best.com\/asia\/en\/\" target=\"_blank\" rel=\"noopener\">number 29<\/a>.<\/p>\n<p data-uri=\"cms.cnn.com\/_components\/paragraph\/instances\/paragraph_7D7946A4-56A4-5732-E352-212894668FAF@published\" data-editable=\"text\" data-component-name=\"paragraph\" data-article-gutter=\"true\" data-analytics-observe=\"off\">\n<h2 id=\"a-limited-menu-with-unlimited-flavors\" class=\"subheader\" data-editable=\"text\" data-uri=\"cms.cnn.com\/_components\/subheader\/instances\/paragraph_393353FC-6286-E7C8-F4B5-1AD55640CE6B@published\" data-component-name=\"subheader\" data-article-gutter=\"true\">A limited menu with unlimited flavours<\/h2>\n<p class=\"paragraph inline-placeholder\" data-uri=\"cms.cnn.com\/_components\/paragraph\/instances\/paragraph_28FAC566-540E-0700-FC97-1AD3AC3BB5D7@published\" data-editable=\"text\" data-component-name=\"paragraph\" data-article-gutter=\"true\" data-analytics-observe=\"off\">Some restaurants, especially ones in crowded markets that are trying to stand out, rely on constant innovation to keep guests coming in.<\/p>\n<p class=\"paragraph inline-placeholder\" data-uri=\"cms.cnn.com\/_components\/paragraph\/instances\/paragraph_FCF39288-C7B7-4F8B-5655-212AECDFAAE0@published\" data-editable=\"text\" data-component-name=\"paragraph\" data-article-gutter=\"true\" data-analytics-observe=\"off\">There\u2019s always a hunt for the next big trend \u2013 cronut, anyone? \u2013 or a photogenic ingredient that seems more designed for social media buzz than flavour.<\/p>\n<p class=\"paragraph inline-placeholder\" data-uri=\"cms.cnn.com\/_components\/paragraph\/instances\/paragraph_5EB74E21-7F28-1AB3-8C8A-212B6A5F79F6@published\" data-editable=\"text\" data-component-name=\"paragraph\" data-article-gutter=\"true\" data-analytics-observe=\"off\">But the first thing anyone walking into Ministry of Crab notices is the menu \u2013 it is small, tightly edited and entirely centered around one main ingredient. That ingredient is the Sri Lankan mud crab, also known as the lagoon crab. For a long time, these crabs were a staple of every Sri Lankan kitchen, but once they became more profitable to sell overseas than to keep at home they began disappearing from dining tables on the island.<\/p>\n<p data-uri=\"cms.cnn.com\/_components\/paragraph\/instances\/paragraph_5EB74E21-7F28-1AB3-8C8A-212B6A5F79F6@published\" data-editable=\"text\" data-component-name=\"paragraph\" data-article-gutter=\"true\" data-analytics-observe=\"off\">\n<p class=\"paragraph inline-placeholder\" data-uri=\"cms.cnn.com\/_components\/paragraph\/instances\/paragraph_C780AFAC-D1B1-0058-C3FD-217C406C3028@published\" data-editable=\"text\" data-component-name=\"paragraph\" data-article-gutter=\"true\" data-analytics-observe=\"off\">For an indecisive diner who gets overwhelmed by too many choices, MOC is a dream.<\/p>\n<p class=\"paragraph inline-placeholder\" data-uri=\"cms.cnn.com\/_components\/paragraph\/instances\/paragraph_0B64A743-42B7-8F88-660D-212DE557BF58@published\" data-editable=\"text\" data-component-name=\"paragraph\" data-article-gutter=\"true\" data-analytics-observe=\"off\">You choose one size of crab based on what\u2019s available \u2013 from the smallest size, the \u201chalf-kilo\u201d at 500 grams all the way up to the coveted \u201cCrabzilla\u201d at 2 kg plus \u2013 and decide which of six or so available preparations sounds best to you.<\/p>\n<p class=\"paragraph inline-placeholder\" data-uri=\"cms.cnn.com\/_components\/paragraph\/instances\/paragraph_7FAE1BB7-BDC3-26D9-8EC8-212E1521826E@published\" data-editable=\"text\" data-component-name=\"paragraph\" data-article-gutter=\"true\" data-analytics-observe=\"off\">Options include a Singaporean-style chilli crab, black pepper crab and a \u201crisotto-esque\u201d baked crab that has to be ordered at least three hours in advance.<\/p>\n<p class=\"paragraph inline-placeholder\" data-uri=\"cms.cnn.com\/_components\/paragraph\/instances\/paragraph_74646C07-0EB8-E4E4-C3A7-2087B14CB2C2@published\" data-editable=\"text\" data-component-name=\"paragraph\" data-article-gutter=\"true\" data-analytics-observe=\"off\">There are also one or two appetizers \u2013 such as a crab salad served inside a fresh, partially scooped-out avocado \u2013 and one dessert, a coconut Cr\u00e8me Br\u00fbl\u00e9e \u2013 served inside a fresh coconut, as you might be noticing a theme here. And that\u2019s it.<\/p>\n<p class=\"paragraph inline-placeholder\" data-uri=\"cms.cnn.com\/_components\/paragraph\/instances\/paragraph_ADFC5F48-10CE-125E-3E35-1AE057475AA2@published\" data-editable=\"text\" data-component-name=\"paragraph\" data-article-gutter=\"true\" data-analytics-observe=\"on\">With such a condensed menu, there\u2019s nowhere to hide. Crabs are as fresh as they can be, caught daily by fishermen Munidasa has built relationships with. The restaurant has a policy against never serving a crab that weighs less than 500 grams \u2013 not just so there\u2019s more meat to work with, but because those smaller crabs are too young.<\/p>\n<p data-uri=\"cms.cnn.com\/_components\/paragraph\/instances\/paragraph_ADFC5F48-10CE-125E-3E35-1AE057475AA2@published\" data-editable=\"text\" data-component-name=\"paragraph\" data-article-gutter=\"true\" data-analytics-observe=\"on\">\n<h2 id=\"the-taste-of-sri-lanka\" class=\"subheader\" data-editable=\"text\" data-uri=\"cms.cnn.com\/_components\/subheader\/instances\/paragraph_A9EC6404-2A6E-A048-4C45-1AD78897DD20@published\" data-component-name=\"subheader\" data-article-gutter=\"true\">The taste of Sri Lanka<\/h2>\n<p class=\"paragraph inline-placeholder\" data-uri=\"cms.cnn.com\/_components\/paragraph\/instances\/paragraph_7AE3D899-3B7A-4BBE-1653-15C4569207B6@published\" data-editable=\"text\" data-component-name=\"paragraph\" data-article-gutter=\"true\" data-analytics-observe=\"off\">How do you put a life onto a plate? How do you distil a country and its people down to one single ingredient? Reclaiming Sri Lankan mud crabs for the people who farm and cultivate them is one way.<\/p>\n<p class=\"paragraph inline-placeholder\" data-uri=\"cms.cnn.com\/_components\/paragraph\/instances\/paragraph_27B71BE1-542C-28A6-2F3B-1AD7CF9D219B@published\" data-editable=\"text\" data-component-name=\"paragraph\" data-article-gutter=\"true\" data-analytics-observe=\"off\">Following his successes, Munidasa has also become an ambassador for Sri Lankan food.<\/p>\n<p class=\"paragraph inline-placeholder\" data-uri=\"cms.cnn.com\/_components\/paragraph\/instances\/paragraph_86E5970F-F7A6-322A-3912-1AD9255DDAF4@published\" data-editable=\"text\" data-component-name=\"paragraph\" data-article-gutter=\"true\" data-analytics-observe=\"off\">\u201cI think there\u2019s a huge, huge, huge notion that Sri Lankan food is 90% Indian,\u201d he says.<\/p>\n<p class=\"paragraph inline-placeholder\" data-uri=\"cms.cnn.com\/_components\/paragraph\/instances\/paragraph_63ECCEB1-6CF6-6F98-A5F0-212F8ADEE6BA@published\" data-editable=\"text\" data-component-name=\"paragraph\" data-article-gutter=\"true\" data-analytics-observe=\"off\">\u201cOur rice is different, how we cook is different. We eat everything. We eat beef, we eat fish, we eat pig, we eat chicken. Many people think Sri Lanka is \u2018India light.\u2019 There are certain similarities, yes. But again, it\u2019s different because the distances are so small. You can go from 12 degrees in the hills to 32 degrees on the beach in matter of three and a half hours.\u201d<\/p>\n<p class=\"paragraph inline-placeholder\" data-uri=\"cms.cnn.com\/_components\/paragraph\/instances\/paragraph_6AF52313-918E-D236-5475-20890EE190DB@published\" data-editable=\"text\" data-component-name=\"paragraph\" data-article-gutter=\"true\" data-analytics-observe=\"off\">Munidasa has also been able to take his show on the road. MOC now has outposts in Bangkok, Mumbai, Shanghai, Manila and the Maldives, all of which he oversees. He also organizes pop-ups around the world as a way to teach people about Sri Lankan food and the special flavors of Sri Lankan mud crabs.<\/p>\n<p class=\"paragraph inline-placeholder\" data-uri=\"cms.cnn.com\/_components\/paragraph\/instances\/paragraph_1000B17F-C6BE-43FE-536D-1B0290B640C5@published\" data-editable=\"text\" data-component-name=\"paragraph\" data-article-gutter=\"true\" data-analytics-observe=\"off\">Being the lone representative of his country on the Asia\u2019s 50 Best list comes with both pressures and privileges.<\/p>\n<p class=\"paragraph inline-placeholder\" data-uri=\"cms.cnn.com\/_components\/paragraph\/instances\/paragraph_F11D79B5-62EE-9E14-3D10-207F3630430F@published\" data-editable=\"text\" data-component-name=\"paragraph\" data-article-gutter=\"true\" data-analytics-observe=\"off\">Despite the accolades, Munidasa is still working in a food world that is hugely Western-centric. In Sri Lanka, he says, nobody has heard of the Asia\u2019s 50 Best list or plans their summer holiday around traveling to a single restaurant.<\/p>\n<p class=\"paragraph inline-placeholder\" data-uri=\"cms.cnn.com\/_components\/paragraph\/instances\/paragraph_E51992B7-FBE3-C1EF-6B5A-21304CE815DF@published\" data-editable=\"text\" data-component-name=\"paragraph\" data-article-gutter=\"true\" data-analytics-observe=\"off\">And odds are high he will never win a Michelin star \u2013 not because of lack of talent, but because Michelin has never covered Sri Lanka.<\/p>\n<p class=\"paragraph inline-placeholder\" data-uri=\"cms.cnn.com\/_components\/paragraph\/instances\/paragraph_93CA4FC1-23AA-0DF2-313A-207F383BB709@published\" data-editable=\"text\" data-component-name=\"paragraph\" data-article-gutter=\"true\" data-analytics-observe=\"off\">Yet in some ways, it\u2019s this lack of mainstream pedigree that has enabled Munidasa to seek praise from within. He hasn\u2019t sold licensing rights to his name to a giant conglomerate, and there\u2019s no pressure to create a line of branded products.<\/p>\n<p class=\"paragraph inline-placeholder\" data-uri=\"cms.cnn.com\/_components\/paragraph\/instances\/paragraph_C90C1285-4D4B-BB55-DB3F-2080A733BCDF@published\" data-editable=\"text\" data-component-name=\"paragraph\" data-article-gutter=\"true\" data-analytics-observe=\"off\">\u201cIf you always try to meet other people\u2019s expectations, you\u2019ll never grow. You\u2019ll never outdo yourself.\u201d<\/p>\n<p data-uri=\"cms.cnn.com\/_components\/paragraph\/instances\/paragraph_74646C07-0EB8-E4E4-C3A7-2087B14CB2C2@published\" data-editable=\"text\" data-component-name=\"paragraph\" data-article-gutter=\"true\" data-analytics-observe=\"off\">\n<p data-uri=\"cms.cnn.com\/_components\/paragraph\/instances\/paragraph_74646C07-0EB8-E4E4-C3A7-2087B14CB2C2@published\" data-editable=\"text\" data-component-name=\"paragraph\" data-article-gutter=\"true\" data-analytics-observe=\"off\">\n<div class=\"ad-slot-dynamic ad-slot-dynamic--3\" data-uri=\"cms.cnn.com\/_components\/ad-slot-dynamic\/instances\/sharethrough-travel-style@published\" data-placement=\"{&quot;mobile&quot;:{&quot;position&quot;:4},&quot;desktop&quot;:{&quot;position&quot;:2}}\" data-unselectable=\"true\">\n<div class=\"ad-slot adSlotLoaded\" data-uri=\"cms.cnn.com\/_components\/ad-slot\/instances\/cnn-v1@published\" data-path=\"end\/ad-slot-dynamic[0]\/items\" data-desktop-slot-id=\"ad_nat_btf_01\" data-mobile-slot-id=\"ad_nat_btf_01\" data-unselectable=\"true\" data-ad-slot-rendered-size=\"0x0\"><\/div>\n<\/div>\n","protected":false},"excerpt":{"rendered":"<p>Is this the world\u2019s best crab restaurant? Colombo (CNN)\u00a0\u2014\u00a0 Crabs caught in Sri Lankan waters are so prized in\u00a0Singapore\u2019s fine dining establishments that a single one can sell for hundreds of dollars. But there was one place where these crabs weren\u2019t the hottest dish on the menu \u2013\u00a0Sri Lanka. That\u2019s when chef Dharshan Munidasa, who [&hellip;]<\/p>\n","protected":false},"author":4,"featured_media":0,"parent":0,"menu_order":7,"comment_status":"closed","ping_status":"closed","template":"","meta":{"_acf_changed":false,"footnotes":""},"class_list":["post-722","page","type-page","status-publish","hentry"],"acf":[],"_links":{"self":[{"href":"https:\/\/www.ministryofcrab.com\/colombo\/wp-json\/wp\/v2\/pages\/722","targetHints":{"allow":["GET"]}}],"collection":[{"href":"https:\/\/www.ministryofcrab.com\/colombo\/wp-json\/wp\/v2\/pages"}],"about":[{"href":"https:\/\/www.ministryofcrab.com\/colombo\/wp-json\/wp\/v2\/types\/page"}],"author":[{"embeddable":true,"href":"https:\/\/www.ministryofcrab.com\/colombo\/wp-json\/wp\/v2\/users\/4"}],"replies":[{"embeddable":true,"href":"https:\/\/www.ministryofcrab.com\/colombo\/wp-json\/wp\/v2\/comments?post=722"}],"version-history":[{"count":26,"href":"https:\/\/www.ministryofcrab.com\/colombo\/wp-json\/wp\/v2\/pages\/722\/revisions"}],"predecessor-version":[{"id":2492,"href":"https:\/\/www.ministryofcrab.com\/colombo\/wp-json\/wp\/v2\/pages\/722\/revisions\/2492"}],"wp:attachment":[{"href":"https:\/\/www.ministryofcrab.com\/colombo\/wp-json\/wp\/v2\/media?parent=722"}],"curies":[{"name":"wp","href":"https:\/\/api.w.org\/{rel}","templated":true}]}}